{"id":1619,"date":"2023-02-03T10:53:15","date_gmt":"2023-02-03T13:53:15","guid":{"rendered":"https:\/\/isfd235pinamar-bue.infd.edu.ar\/sitio\/?page_id=1619"},"modified":"2025-12-14T12:36:37","modified_gmt":"2025-12-14T15:36:37","slug":"cobertura-de-catedras","status":"publish","type":"page","link":"https:\/\/isfd235pinamar-bue.infd.edu.ar\/sitio\/docentes\/cobertura-de-catedras\/","title":{"rendered":"Cobertura de C\u00e1tedras"},"content":{"rendered":"\n<h1 class=\"wp-block-heading\">Pinamar<\/h1>\n\n\n\n<p><a href=\"https:\/\/isfd235pinamar-bue.infd.edu.ar\/sitio\/wp-content\/uploads\/2025\/12\/COMUNICADO-57-SOLICITUD-COBERTURA-EDUCACION-SUPERIOR.pdf\">LLAMADO A COBERTURA CATEDRAS 2026<\/a><\/p>\n\n\n\n<p>Cronograma:<\/p>\n\n\n\n<p>Evaluaci\u00f3n: 10\/02\/26 al 20\/02\/26 (m\u00e1ximo 5 d\u00edas h\u00e1biles a partir del cierre de inscripciones)<\/p>\n\n\n\n<p>Difusi\u00f3n e inscripci\u00f3n: 10\/12\/25 al 17\/12\/25 (m\u00ednimo 6 d\u00edas corridos) Recusaci\u00f3n\/excusaci\u00f3n: hasta el 19\/12\/25 (hasta 2 d\u00edas posteriores al cierre de la inscripci\u00f3n)\u00a0<\/p>\n\n\n\n<p>&nbsp;Entrevistas: a confirmar Notificaci\u00f3n de orden de m\u00e9rito definitiva: 27\/02\/26<\/p>\n\n\n\n<hr class=\"wp-block-separator has-alpha-channel-opacity\"\/>\n\n\n\n<h1 class=\"wp-block-heading\">Gral. Lavalle<\/h1>\n\n\n\n<p> <\/p>\n","protected":false},"excerpt":{"rendered":"<p>Pinamar LLAMADO A COBERTURA CATEDRAS 2026 Cronograma: Evaluaci\u00f3n: 10\/02\/26 al 20\/02\/26 (m\u00e1ximo 5 d\u00edas h\u00e1biles a partir del cierre de inscripciones) Difusi\u00f3n e inscripci\u00f3n: 10\/12\/25 al 17\/12\/25 (m\u00ednimo 6 d\u00edas corridos) Recusaci\u00f3n\/excusaci\u00f3n: hasta el 19\/12\/25 (hasta 2 d\u00edas posteriores al cierre de la inscripci\u00f3n)\u00a0 &nbsp;Entrevistas: a confirmar Notificaci\u00f3n de orden de m\u00e9rito definitiva: 27\/02\/26 Gral. &#8230; <a title=\"Cobertura de C\u00e1tedras\" class=\"read-more\" href=\"https:\/\/isfd235pinamar-bue.infd.edu.ar\/sitio\/docentes\/cobertura-de-catedras\/\" aria-label=\"More on Cobertura de C\u00e1tedras\">[+]<\/a><\/p>\n","protected":false},"author":228,"featured_media":0,"parent":768,"menu_order":1,"comment_status":"open","ping_status":"closed","template":"","meta":[],"acf":[],"_links":{"self":[{"href":"https:\/\/isfd235pinamar-bue.infd.edu.ar\/sitio\/wp-json\/wp\/v2\/pages\/1619"}],"collection":[{"href":"https:\/\/isfd235pinamar-bue.infd.edu.ar\/sitio\/wp-json\/wp\/v2\/pages"}],"about":[{"href":"https:\/\/isfd235pinamar-bue.infd.edu.ar\/sitio\/wp-json\/wp\/v2\/types\/page"}],"author":[{"embeddable":true,"href":"https:\/\/isfd235pinamar-bue.infd.edu.ar\/sitio\/wp-json\/wp\/v2\/users\/228"}],"replies":[{"embeddable":true,"href":"https:\/\/isfd235pinamar-bue.infd.edu.ar\/sitio\/wp-json\/wp\/v2\/comments?post=1619"}],"version-history":[{"count":26,"href":"https:\/\/isfd235pinamar-bue.infd.edu.ar\/sitio\/wp-json\/wp\/v2\/pages\/1619\/revisions"}],"predecessor-version":[{"id":2249,"href":"https:\/\/isfd235pinamar-bue.infd.edu.ar\/sitio\/wp-json\/wp\/v2\/pages\/1619\/revisions\/2249"}],"up":[{"embeddable":true,"href":"https:\/\/isfd235pinamar-bue.infd.edu.ar\/sitio\/wp-json\/wp\/v2\/pages\/768"}],"wp:attachment":[{"href":"https:\/\/isfd235pinamar-bue.infd.edu.ar\/sitio\/wp-json\/wp\/v2\/media?parent=1619"}],"curies":[{"name":"wp","href":"https:\/\/api.w.org\/{rel}","templated":true}]}}