{"id":730,"date":"2018-07-26T10:40:07","date_gmt":"2018-07-26T13:40:07","guid":{"rendered":"https:\/\/isfd235pinamar-bue.infd.edu.ar\/sitio\/?page_id=730"},"modified":"2025-04-13T18:34:02","modified_gmt":"2025-04-13T21:34:02","slug":"ingresantes","status":"publish","type":"page","link":"https:\/\/isfd235pinamar-bue.infd.edu.ar\/sitio\/estudiantes\/ingresantes\/","title":{"rendered":"ESTUDIANTES"},"content":{"rendered":"\n<h3 class=\"wp-block-heading\"><a rel=\"noreferrer noopener\" href=\"https:\/\/docs.google.com\/spreadsheets\/d\/1xU-ysud-ZeIuZzNXZHvxicrx4MdiwSVq\/edit?usp=sharing&amp;ouid=110331434465561725000&amp;rtpof=true&amp;sd=true\" data-type=\"URL\" data-id=\"https:\/\/docs.google.com\/spreadsheets\/d\/1xU-ysud-ZeIuZzNXZHvxicrx4MdiwSVq\/edit?usp=sharing&amp;ouid=110331434465561725000&amp;rtpof=true&amp;sd=true\" target=\"_blank\">Horarios <\/a>(ingresar)<\/h3>\n\n\n<h2>Inscripciones:<\/h2>\n<h5>Requisitos:<\/h5>\n<ul>\n<li>Completar <a href=\"https:\/\/isfd235pinamar-bue.infd.edu.ar\/sitio\/documentacion-para-el-alumno\/\">Planilla de inscripci\u00f3n<\/a><\/li>\n<li>Fotocopia DNI.<\/li>\n<li>Certificado m\u00e9dico.<\/li>\n<li>Fotocopia t\u00edtulo secundario.<\/li>\n<li>Fotocopia certificado de nacimiento.<\/li>\n<li>Fotos tipo carnet (4).<\/li>\n<li>Folio.<\/li>\n<\/ul>\n<h2>Reinscripciones:<\/h2>\n<p>Es necesario que el\/la estudiante se reinscriba en las materias que va a CURSAR O RECURSAR, aclarando su condici\u00f3n: REGULAR o LIBRE, al inicio del ciclo lectivo.<\/p>","protected":false},"excerpt":{"rendered":"<p>Horarios (ingresar) Inscripciones: Requisitos: Completar Planilla de inscripci\u00f3n Fotocopia DNI. Certificado m\u00e9dico. Fotocopia t\u00edtulo secundario. Fotocopia certificado de nacimiento. Fotos tipo carnet (4). Folio. Reinscripciones: Es necesario que el\/la estudiante se reinscriba en las materias que va a CURSAR O RECURSAR, aclarando su condici\u00f3n: REGULAR o LIBRE, al inicio del ciclo lectivo.<\/p>\n","protected":false},"author":6,"featured_media":0,"parent":692,"menu_order":0,"comment_status":"closed","ping_status":"closed","template":"","meta":[],"acf":[],"_links":{"self":[{"href":"https:\/\/isfd235pinamar-bue.infd.edu.ar\/sitio\/wp-json\/wp\/v2\/pages\/730"}],"collection":[{"href":"https:\/\/isfd235pinamar-bue.infd.edu.ar\/sitio\/wp-json\/wp\/v2\/pages"}],"about":[{"href":"https:\/\/isfd235pinamar-bue.infd.edu.ar\/sitio\/wp-json\/wp\/v2\/types\/page"}],"author":[{"embeddable":true,"href":"https:\/\/isfd235pinamar-bue.infd.edu.ar\/sitio\/wp-json\/wp\/v2\/users\/6"}],"replies":[{"embeddable":true,"href":"https:\/\/isfd235pinamar-bue.infd.edu.ar\/sitio\/wp-json\/wp\/v2\/comments?post=730"}],"version-history":[{"count":23,"href":"https:\/\/isfd235pinamar-bue.infd.edu.ar\/sitio\/wp-json\/wp\/v2\/pages\/730\/revisions"}],"predecessor-version":[{"id":2166,"href":"https:\/\/isfd235pinamar-bue.infd.edu.ar\/sitio\/wp-json\/wp\/v2\/pages\/730\/revisions\/2166"}],"up":[{"embeddable":true,"href":"https:\/\/isfd235pinamar-bue.infd.edu.ar\/sitio\/wp-json\/wp\/v2\/pages\/692"}],"wp:attachment":[{"href":"https:\/\/isfd235pinamar-bue.infd.edu.ar\/sitio\/wp-json\/wp\/v2\/media?parent=730"}],"curies":[{"name":"wp","href":"https:\/\/api.w.org\/{rel}","templated":true}]}}