{"id":734,"date":"2018-07-26T10:49:22","date_gmt":"2018-07-26T13:49:22","guid":{"rendered":"https:\/\/isfd235pinamar-bue.infd.edu.ar\/sitio\/?page_id=734"},"modified":"2025-12-14T11:11:04","modified_gmt":"2025-12-14T14:11:04","slug":"plan-de-estudio","status":"publish","type":"page","link":"https:\/\/isfd235pinamar-bue.infd.edu.ar\/sitio\/catalogo\/plan-de-estudio\/","title":{"rendered":"CARRERAS"},"content":{"rendered":"\n<div class=\"wp-block-columns is-layout-flex wp-container-2\">\n<div class=\"wp-block-column is-layout-flow\" style=\"flex-basis:100%\">\n<h4><span style=\"color: #3366ff;\">SEDE PINAMAR<\/span><\/h4>\n<h4>Profesorado en Biolog\u00eda<\/h4>\n<ul>\n<li>Plan de estudios: <a href=\"https:\/\/abc.gob.ar\/secretarias\/sites\/default\/files\/2024-03\/Biolog%C3%ADa.pdf\">Dise\u00f1o curricular Profesorado en Biolog\u00eda<\/a><\/li>\n<\/ul>\n<h4>Profesorado en Historia<\/h4>\n<ul>\n<li><a href=\"https:\/\/isfd235pinamar-bue.infd.edu.ar\/sitio\/wp-content\/uploads\/2025\/12\/DISENO-CURRICULAR-hISTORIA.pdf\">Pan de Estudios: Dise\u00f1o curricular\u00a0 Profesorado en Hostoria<\/a><\/li>\n<\/ul>\n<h4>Profesorado en Geograf\u00eda<\/h4>\n<ul>\n<li>\n<pre>Plan de estudios: <a href=\"https:\/\/isfd235pinamar-bue.infd.edu.ar\/sitio\/wp-content\/uploads\/2023\/02\/Diseno-Geografia-2023.pdf\">Dise\u00f1o Profesorado de Educaci\u00f3n Secundaria en Geograf\u00eda<\/a> <\/pre>\n<\/li>\n<\/ul>\n<h4>Profesorado en Lengua y Literatura<\/h4>\n<ul>\n<li>\n<pre><br \/>Plan de estudios: <a href=\"https:\/\/isfd235pinamar-bue.infd.edu.ar\/sitio\/wp-content\/uploads\/2021\/03\/Dise\u00f1o-Lengua-y-Literatura.pdf\">Dise\u00f1o Profesorado de Educaci\u00f3n Secundaria en Lengua y Literatura<\/a><\/pre>\n<\/li>\n<\/ul>\n<h4>Profesorado en Educaci\u00f3n Primaria<\/h4>\n<ul>\n<li>\n<pre>Plan de estudios: <a href=\"https:\/\/isfd235pinamar-bue.infd.edu.ar\/sitio\/wp-content\/uploads\/2021\/03\/Dise\u00f1o-profesorado-en-Educaci\u00f3n-Primaria.pdf\">Dise\u00f1o Curricular para la Educaci\u00f3n Superior- Niveles Inicial y Primario<\/a><\/pre>\n<\/li>\n<\/ul>\n<h4><span style=\"color: #3366ff;\">ANEXO GRAL. LAVALLE<\/span><\/h4>\n<h4>Profesorado en Educaci\u00f3n Inicial\u00a0<\/h4>\n<h4>Profesorado en Educaci\u00f3n Primaria<\/h4>\n<ul>\n<li>\n<pre>Plan de estudios: <a href=\"https:\/\/isfd235pinamar-bue.infd.edu.ar\/sitio\/wp-content\/uploads\/2021\/03\/Dise\u00f1o-profesorado-en-Educaci\u00f3n-Primaria.pdf\">Dise\u00f1o Curricular para la Educaci\u00f3n Superior- Niveles Inicial y Primario<\/a><\/pre>\n<\/li>\n<\/ul>\n<\/div>\n<\/div>\n","protected":false},"excerpt":{"rendered":"<p>SEDE PINAMAR Profesorado en Biolog\u00eda Plan de estudios: Dise\u00f1o curricular Profesorado en Biolog\u00eda Profesorado en Historia Pan de Estudios: Dise\u00f1o curricular\u00a0 Profesorado en Hostoria Profesorado en Geograf\u00eda Plan de estudios: Dise\u00f1o Profesorado de Educaci\u00f3n Secundaria en Geograf\u00eda Profesorado en Lengua y Literatura Plan de estudios: Dise\u00f1o Profesorado de Educaci\u00f3n Secundaria en Lengua y Literatura Profesorado &#8230; <a title=\"CARRERAS\" class=\"read-more\" href=\"https:\/\/isfd235pinamar-bue.infd.edu.ar\/sitio\/catalogo\/plan-de-estudio\/\" aria-label=\"More on CARRERAS\">[+]<\/a><\/p>\n","protected":false},"author":6,"featured_media":0,"parent":644,"menu_order":0,"comment_status":"closed","ping_status":"closed","template":"","meta":[],"acf":[],"_links":{"self":[{"href":"https:\/\/isfd235pinamar-bue.infd.edu.ar\/sitio\/wp-json\/wp\/v2\/pages\/734"}],"collection":[{"href":"https:\/\/isfd235pinamar-bue.infd.edu.ar\/sitio\/wp-json\/wp\/v2\/pages"}],"about":[{"href":"https:\/\/isfd235pinamar-bue.infd.edu.ar\/sitio\/wp-json\/wp\/v2\/types\/page"}],"author":[{"embeddable":true,"href":"https:\/\/isfd235pinamar-bue.infd.edu.ar\/sitio\/wp-json\/wp\/v2\/users\/6"}],"replies":[{"embeddable":true,"href":"https:\/\/isfd235pinamar-bue.infd.edu.ar\/sitio\/wp-json\/wp\/v2\/comments?post=734"}],"version-history":[{"count":21,"href":"https:\/\/isfd235pinamar-bue.infd.edu.ar\/sitio\/wp-json\/wp\/v2\/pages\/734\/revisions"}],"predecessor-version":[{"id":2242,"href":"https:\/\/isfd235pinamar-bue.infd.edu.ar\/sitio\/wp-json\/wp\/v2\/pages\/734\/revisions\/2242"}],"up":[{"embeddable":true,"href":"https:\/\/isfd235pinamar-bue.infd.edu.ar\/sitio\/wp-json\/wp\/v2\/pages\/644"}],"wp:attachment":[{"href":"https:\/\/isfd235pinamar-bue.infd.edu.ar\/sitio\/wp-json\/wp\/v2\/media?parent=734"}],"curies":[{"name":"wp","href":"https:\/\/api.w.org\/{rel}","templated":true}]}}