{"id":768,"date":"2018-07-26T14:05:47","date_gmt":"2018-07-26T17:05:47","guid":{"rendered":"https:\/\/isfd235pinamar-bue.infd.edu.ar\/sitio\/?page_id=768"},"modified":"2025-12-14T10:13:29","modified_gmt":"2025-12-14T13:13:29","slug":"docentes","status":"publish","type":"page","link":"https:\/\/isfd235pinamar-bue.infd.edu.ar\/sitio\/docentes\/","title":{"rendered":"Docentes"},"content":{"rendered":"<h2>NORMATIVA DE CONSULTA:<\/h2>\n<ul>\n<li><a href=\"https:\/\/isfd235pinamar-bue.infd.edu.ar\/sitio\/wp-content\/uploads\/2022\/05\/Asistencia-Tecnica.pptx\">Asistencia T\u00e9cnica<\/a><\/li>\n<li><a href=\"https:\/\/isfd235pinamar-bue.infd.edu.ar\/sitio\/wp-content\/uploads\/2021\/03\/Resolucion-5886-Cobertura-de-catedra-Superior.pdf\">Resoluci\u00f3n 5886: Cobertura de c\u00e1tedra Superior<\/a><\/li>\n<li><a href=\"https:\/\/isfd235pinamar-bue.infd.edu.ar\/sitio\/wp-content\/uploads\/2021\/03\/Modificacion-anexoI-Resol-5886.pdf\">Modificaci\u00f3n Anexo I Resoluci\u00f3n 5886<\/a><\/li>\n<li><a href=\"https:\/\/isfd235pinamar-bue.infd.edu.ar\/sitio\/wp-content\/uploads\/2025\/02\/Anexo-III.docx\">Anexo III<\/a><\/li>\n<li><a href=\"https:\/\/isfd235pinamar-bue.infd.edu.ar\/sitio\/wp-content\/uploads\/2021\/03\/Disposicion-30-05-Instructivo-confeccion-Proyectos-de-Catedra.doc\">Disposici\u00f3n 30-05\u00a0 Anexo Proyectos-de-C\u00e1tedra<\/a>\u00a0<\/li>\n<li><a href=\"https:\/\/isfd235pinamar-bue.infd.edu.ar\/sitio\/wp-content\/uploads\/2022\/05\/13271-99modif-por-3581-00.pdf\">Resoluci\u00f3n 13271-99 Dise\u00f1o Curricular Jurisdiccional<br \/>para la Formaci\u00f3n Docente de Grado(modif. por-3581-00)<\/a><\/li>\n<li><a href=\"https:\/\/isfd235pinamar-bue.infd.edu.ar\/sitio\/wp-content\/uploads\/2025\/01\/RAM.pdf\">Resoluci\u00f3n 4196-24. R\u00e9gimen Acad\u00e9mico Marco (nuevo)<\/a><\/li>\n<li><a href=\"https:\/\/isfd235pinamar-bue.infd.edu.ar\/sitio\/wp-content\/uploads\/2025\/12\/RESOLUCION-6179-25.pdf\">RESOLUCION 6179-25<\/a> Pautas para la implementaci\u00f3n de las pruebas<br \/>de selecci\u00f3n por evaluaci\u00f3n de t\u00edtulos, antecedentes y oposici\u00f3n para la cobertura de cargos del Nivel<br \/>Superio<\/li>\n<\/ul>\n<h2>DISE\u00d1OS CURRICULARES:<\/h2>\n<p><a href=\"https:\/\/isfd235pinamar-bue.infd.edu.ar\/sitio\/wp-content\/uploads\/2023\/06\/Diseno-Geografia.pdf\">Dise\u00f1o Geogra<\/a><a href=\"https:\/\/isfd235pinamar-bue.infd.edu.ar\/sitio\/wp-content\/uploads\/2023\/06\/Diseno-Geografia.pdf\">fia<\/a><\/p>\n<p><a href=\"https:\/\/isfd235pinamar-bue.infd.edu.ar\/sitio\/wp-content\/uploads\/2025\/12\/DISENO-CURRICULAR-hISTORIA.pdf\">Dise\u00f1o Historia<\/a><\/p>\n<p><a href=\"https:\/\/abc.gob.ar\/secretarias\/sites\/default\/files\/2024-03\/Biolog%C3%ADa.pdf\">Dise\u00f1o Biolog\u00eda<\/a><\/p>\n<p><a href=\"https:\/\/isfd235pinamar-bue.infd.edu.ar\/sitio\/wp-content\/uploads\/2021\/03\/Dise\u00f1o-Lengua-y-Literatura.pdf\">Dise\u00f1o Lengua y Literatura<\/a><\/p>\n<p><a href=\"https:\/\/isfd235pinamar-bue.infd.edu.ar\/sitio\/wp-content\/uploads\/2021\/03\/Dise\u00f1o-profesorado-en-Educaci\u00f3n-Primaria.pdf\">Dise\u00f1o en Educaci\u00f3n Inicial y Primaria<\/a><\/p>\n<p><a href=\"https:\/\/isfd235pinamar-bue.infd.edu.ar\/sitio\/wp-content\/uploads\/2023\/06\/63-anexo-cultura-digital.pdf\">Cultura Digital y Educaci\u00f3n.<\/a><\/p>\n<p><a href=\"https:\/\/isfd235pinamar-bue.infd.edu.ar\/sitio\/wp-content\/uploads\/2023\/06\/ESI_en-la-Formacion-Docente.pdf\">E.S.I.<\/a><\/p>\n<p>&nbsp;<\/p>\n<h1>\u00a0<\/h1>\n<h1><u>\u00a0<\/u><\/h1>\n","protected":false},"excerpt":{"rendered":"<p>NORMATIVA DE CONSULTA: Asistencia T\u00e9cnica Resoluci\u00f3n 5886: Cobertura de c\u00e1tedra Superior Modificaci\u00f3n Anexo I Resoluci\u00f3n 5886 Anexo III Disposici\u00f3n 30-05\u00a0 Anexo Proyectos-de-C\u00e1tedra\u00a0 Resoluci\u00f3n 13271-99 Dise\u00f1o Curricular Jurisdiccionalpara la Formaci\u00f3n Docente de Grado(modif. por-3581-00) Resoluci\u00f3n 4196-24. R\u00e9gimen Acad\u00e9mico Marco (nuevo) RESOLUCION 6179-25 Pautas para la implementaci\u00f3n de las pruebasde selecci\u00f3n por evaluaci\u00f3n de t\u00edtulos, antecedentes y &#8230; <a title=\"Docentes\" class=\"read-more\" href=\"https:\/\/isfd235pinamar-bue.infd.edu.ar\/sitio\/docentes\/\" aria-label=\"More on Docentes\">[+]<\/a><\/p>\n","protected":false},"author":6,"featured_media":0,"parent":0,"menu_order":0,"comment_status":"closed","ping_status":"closed","template":"","meta":[],"acf":[],"_links":{"self":[{"href":"https:\/\/isfd235pinamar-bue.infd.edu.ar\/sitio\/wp-json\/wp\/v2\/pages\/768"}],"collection":[{"href":"https:\/\/isfd235pinamar-bue.infd.edu.ar\/sitio\/wp-json\/wp\/v2\/pages"}],"about":[{"href":"https:\/\/isfd235pinamar-bue.infd.edu.ar\/sitio\/wp-json\/wp\/v2\/types\/page"}],"author":[{"embeddable":true,"href":"https:\/\/isfd235pinamar-bue.infd.edu.ar\/sitio\/wp-json\/wp\/v2\/users\/6"}],"replies":[{"embeddable":true,"href":"https:\/\/isfd235pinamar-bue.infd.edu.ar\/sitio\/wp-json\/wp\/v2\/comments?post=768"}],"version-history":[{"count":63,"href":"https:\/\/isfd235pinamar-bue.infd.edu.ar\/sitio\/wp-json\/wp\/v2\/pages\/768\/revisions"}],"predecessor-version":[{"id":2237,"href":"https:\/\/isfd235pinamar-bue.infd.edu.ar\/sitio\/wp-json\/wp\/v2\/pages\/768\/revisions\/2237"}],"wp:attachment":[{"href":"https:\/\/isfd235pinamar-bue.infd.edu.ar\/sitio\/wp-json\/wp\/v2\/media?parent=768"}],"curies":[{"name":"wp","href":"https:\/\/api.w.org\/{rel}","templated":true}]}}