{"id":896,"date":"2021-07-17T10:55:34","date_gmt":"2021-07-17T13:55:34","guid":{"rendered":"https:\/\/isfd235pinamar-bue.infd.edu.ar\/sitio\/?page_id=896"},"modified":"2023-04-19T11:07:54","modified_gmt":"2023-04-19T14:07:54","slug":"equivalencias","status":"publish","type":"page","link":"https:\/\/isfd235pinamar-bue.infd.edu.ar\/sitio\/equivalencias\/","title":{"rendered":"Equivalencias"},"content":{"rendered":"<p>Para solicitar la acreditaci\u00f3n por equivalencia, el estudiante deber\u00e1:<\/p>\n<ul>\n<li>Solicitar mediante nota firmada, hasta el 31 de mayo, el reconocimiento de equivalencias de Unidades Curriculares aprobados en otra instituci\u00f3n educativa de estudios superiores reconocida oficialmente.<\/li>\n<li>Acompa\u00f1ar la solicitud con el certificado anal\u00edtico de estudios realizados y el\/los programa\/s que corresponda\/n, en el\/los que conste carga horaria, contenidos y bibliograf\u00eda, del\/las unidades curricular\/es en el\/las que solicita equivalencia.\u00a0 La documentaci\u00f3n deber\u00e1 estar debidamente certificada.<\/li>\n<li>Cursar la Unidad Curricular cuya aprobaci\u00f3n solicita por equivalencia, hasta tanto se le confirme fehacientemente que se le otorg\u00f3 lo solicitado.<\/li>\n<\/ul>\n<p><strong>Tr\u00e1mite para pedir equivalencias<\/strong><\/p>\n<p>Para pedir equivalencias debes presentar el formulario A14 junto al anal\u00edtico correspondiente que acredite la aprobaci\u00f3n de las materias por las cuales pedir\u00e1s equivalencia.<\/p>\n<p>Adem\u00e1s, debes presentar el formulario A14a uno por cada materia que pidas junto al programa de estudios cursados autentificados por la instituci\u00f3n donde has cursado y aprobado la materia.<\/p>\n<p>Recordar que solo se otorgaran equivalencias a las materias con un m\u00e1ximo de 6 a\u00f1os de antig\u00fcedad de aprobadas.<\/p>\n<p>Formularios para descargar:<\/p>\n<ul>\n<li>Formulario <a href=\"https:\/\/isfd235pinamar-bue.infd.edu.ar\/sitio\/wp-content\/uploads\/2021\/07\/A14.doc\" data-wplink-edit=\"true\">A14<\/a><\/li>\n<li>Formulario <a href=\"https:\/\/isfd235pinamar-bue.infd.edu.ar\/sitio\/wp-content\/uploads\/2023\/04\/A14a.doc\">A14a<\/a><\/li>\n<\/ul>\n","protected":false},"excerpt":{"rendered":"<p>Para solicitar la acreditaci\u00f3n por equivalencia, el estudiante deber\u00e1: Solicitar mediante nota firmada, hasta el 31 de mayo, el reconocimiento de equivalencias de Unidades Curriculares aprobados en otra instituci\u00f3n educativa de estudios superiores reconocida oficialmente. Acompa\u00f1ar la solicitud con el certificado anal\u00edtico de estudios realizados y el\/los programa\/s que corresponda\/n, en el\/los que conste carga &#8230; <a title=\"Equivalencias\" class=\"read-more\" href=\"https:\/\/isfd235pinamar-bue.infd.edu.ar\/sitio\/equivalencias\/\" aria-label=\"More on Equivalencias\">[+]<\/a><\/p>\n","protected":false},"author":11,"featured_media":0,"parent":0,"menu_order":0,"comment_status":"closed","ping_status":"closed","template":"","meta":[],"acf":[],"_links":{"self":[{"href":"https:\/\/isfd235pinamar-bue.infd.edu.ar\/sitio\/wp-json\/wp\/v2\/pages\/896"}],"collection":[{"href":"https:\/\/isfd235pinamar-bue.infd.edu.ar\/sitio\/wp-json\/wp\/v2\/pages"}],"about":[{"href":"https:\/\/isfd235pinamar-bue.infd.edu.ar\/sitio\/wp-json\/wp\/v2\/types\/page"}],"author":[{"embeddable":true,"href":"https:\/\/isfd235pinamar-bue.infd.edu.ar\/sitio\/wp-json\/wp\/v2\/users\/11"}],"replies":[{"embeddable":true,"href":"https:\/\/isfd235pinamar-bue.infd.edu.ar\/sitio\/wp-json\/wp\/v2\/comments?post=896"}],"version-history":[{"count":6,"href":"https:\/\/isfd235pinamar-bue.infd.edu.ar\/sitio\/wp-json\/wp\/v2\/pages\/896\/revisions"}],"predecessor-version":[{"id":1731,"href":"https:\/\/isfd235pinamar-bue.infd.edu.ar\/sitio\/wp-json\/wp\/v2\/pages\/896\/revisions\/1731"}],"wp:attachment":[{"href":"https:\/\/isfd235pinamar-bue.infd.edu.ar\/sitio\/wp-json\/wp\/v2\/media?parent=896"}],"curies":[{"name":"wp","href":"https:\/\/api.w.org\/{rel}","templated":true}]}}