{"id":920,"date":"2021-08-05T19:34:09","date_gmt":"2021-08-05T22:34:09","guid":{"rendered":"https:\/\/isfd235pinamar-bue.infd.edu.ar\/sitio\/?page_id=920"},"modified":"2023-02-06T19:31:26","modified_gmt":"2023-02-06T22:31:26","slug":"secretaria-preceptoria","status":"publish","type":"page","link":"https:\/\/isfd235pinamar-bue.infd.edu.ar\/sitio\/secretaria-preceptoria\/","title":{"rendered":"SECRETAR\u00cdA\/PRECEPTOR\u00cdA"},"content":{"rendered":"\n<p>Hola a todos.<\/p>\n\n\n\n<p>Queremos contarles a los alumnos y alumnas de los profesorados de Geograf\u00eda y de Lengua y Literatura que para realizar cualquier tr\u00e1mite y\/o consulta pueden acercarse a nuestras sedes del ISFD N\u00b0 235<\/p>\n\n\n\n<p>Sede Pinamar:<\/p>\n\n\n\n<p>Direcci\u00f3n: Av Interm\u00e9danos 1126<\/p>\n\n\n\n<p>Horario de atenci\u00f3n: Lunes a Viernes de 18:00 a 22:00 hs.<\/p>\n\n\n\n<p><\/p>\n\n\n\n<p>Anexo Gral Lavalle:<\/p>\n\n\n\n<p>Direcci\u00f3n: Arturo De la Serna 1100<\/p>\n\n\n\n<p>Horario de atenci\u00f3n: Lunes a Viernes de 18:00 a 22:00 hs.<\/p>\n","protected":false},"excerpt":{"rendered":"<p>Hola a todos. Queremos contarles a los alumnos y alumnas de los profesorados de Geograf\u00eda y de Lengua y Literatura que para realizar cualquier tr\u00e1mite y\/o consulta pueden acercarse a nuestras sedes del ISFD N\u00b0 235 Sede Pinamar: Direcci\u00f3n: Av Interm\u00e9danos 1126 Horario de atenci\u00f3n: Lunes a Viernes de 18:00 a 22:00 hs. Anexo Gral &#8230; <a title=\"SECRETAR\u00cdA\/PRECEPTOR\u00cdA\" class=\"read-more\" href=\"https:\/\/isfd235pinamar-bue.infd.edu.ar\/sitio\/secretaria-preceptoria\/\" aria-label=\"More on SECRETAR\u00cdA\/PRECEPTOR\u00cdA\">[+]<\/a><\/p>\n","protected":false},"author":228,"featured_media":0,"parent":0,"menu_order":0,"comment_status":"closed","ping_status":"closed","template":"","meta":[],"acf":[],"_links":{"self":[{"href":"https:\/\/isfd235pinamar-bue.infd.edu.ar\/sitio\/wp-json\/wp\/v2\/pages\/920"}],"collection":[{"href":"https:\/\/isfd235pinamar-bue.infd.edu.ar\/sitio\/wp-json\/wp\/v2\/pages"}],"about":[{"href":"https:\/\/isfd235pinamar-bue.infd.edu.ar\/sitio\/wp-json\/wp\/v2\/types\/page"}],"author":[{"embeddable":true,"href":"https:\/\/isfd235pinamar-bue.infd.edu.ar\/sitio\/wp-json\/wp\/v2\/users\/228"}],"replies":[{"embeddable":true,"href":"https:\/\/isfd235pinamar-bue.infd.edu.ar\/sitio\/wp-json\/wp\/v2\/comments?post=920"}],"version-history":[{"count":6,"href":"https:\/\/isfd235pinamar-bue.infd.edu.ar\/sitio\/wp-json\/wp\/v2\/pages\/920\/revisions"}],"predecessor-version":[{"id":1657,"href":"https:\/\/isfd235pinamar-bue.infd.edu.ar\/sitio\/wp-json\/wp\/v2\/pages\/920\/revisions\/1657"}],"wp:attachment":[{"href":"https:\/\/isfd235pinamar-bue.infd.edu.ar\/sitio\/wp-json\/wp\/v2\/media?parent=920"}],"curies":[{"name":"wp","href":"https:\/\/api.w.org\/{rel}","templated":true}]}}